{"id":50,"date":"2026-01-12T19:16:58","date_gmt":"2026-01-13T00:16:58","guid":{"rendered":"https:\/\/legacyfxpro.com\/affiliate-reset-password\/"},"modified":"2026-01-13T15:33:04","modified_gmt":"2026-01-13T20:33:04","slug":"recuperar-contrasena","status":"publish","type":"page","link":"https:\/\/legacyfxpro.com\/en\/recuperar-contrasena\/","title":{"rendered":"Recover Password"},"content":{"rendered":"<h2>\n\t\t\tRECUPERAR CONTRASE\u00d1A\t<\/h2>\n\t\t\t\t\t\t\t\t\t<img decoding=\"async\" src=\"https:\/\/luciernagas.club\/wp-content\/uploads\/2025\/12\/Proyecto-nuevo-8.png\" alt=\"\" itemprop=\"image\" onerror=\"this.style.display='none'\"  \/>\n<h2>\n\t\t\tIngrese su nombre de usuario o email.<br \/>Recibir\u00e1 un enlace para confirmar la solicitud por email. <br \/>Se le proporcionar\u00e1 una nueva contrase\u00f1a\t<\/h2>\n\t\t\t\t\t\t\t\t\t<img loading=\"lazy\" decoding=\"async\" src=\"https:\/\/luciernagas.club\/wp-content\/uploads\/2025\/12\/Arrows-3-pointing-down-arrow-down-animated-1.webp\" alt=\"Arrows-3-pointing-down-arrow-down-animated-1\" itemprop=\"image\" height=\"168\" width=\"319\" title=\"Arrows-3-pointing-down-arrow-down-animated-1\" onerror=\"this.style.display='none'\"  \/>\n<h2>\n\t\t\t<div class=\"uap-pass-form-wrap uap-login-template-10\">\r\n\t\t<form method=\"post\" action=\"\" >\r\n\t\t<input type=\"hidden\" name=\"uap_reset_password_nonce\" value=\"19f33e2436\" \/>\r\n\t\t<input name=\"uapaction\" type=\"hidden\" value=\"reset_pass\">\r\n\r\n\t\t\t\t\t\t<div class=\"uap-form-line-fr\">\r\n\t\t\t\t\t\t<i class=\"fa-uap fa-username-uap\"><\/i>\r\n\t\t\t\t\t\t<input type=\"text\" value=\"\" name=\"email_or_userlogin\" placeholder=\"Username or Email Address\" \/>\r\n\t\t\t\t\t<\/div>\r\n\t\t\t\t\t<div class=\"uap-form-line-fr uap-form-submit\">\r\n\t\t\t\t\t\t<input type=\"submit\" value=\"Reset Password\" name=\"Submit\" class=\"button button-primary button-large  uap-reset-password-button\" \/>\r\n\t\t\t\t\t<\/div>\r\n\t\t\t\t\r\n\t<input type=\"hidden\" name=\"trp-form-language\" value=\"en\"\/><\/form>\r\n\r\n<\/div>\r\n\t<\/h2>","protected":false},"excerpt":{"rendered":"<p>RECUPERAR CONTRASE\u00d1A Ingrese su nombre de usuario o email.Recibir\u00e1 un enlace para confirmar la solicitud por email. Se le proporcionar\u00e1 una nueva contrase\u00f1a<\/p>","protected":false},"author":1,"featured_media":0,"parent":0,"menu_order":0,"comment_status":"closed","ping_status":"closed","template":"","meta":{"footnotes":""},"class_list":["post-50","page","type-page","status-publish","hentry"],"_links":{"self":[{"href":"https:\/\/legacyfxpro.com\/en\/wp-json\/wp\/v2\/pages\/50","targetHints":{"allow":["GET"]}}],"collection":[{"href":"https:\/\/legacyfxpro.com\/en\/wp-json\/wp\/v2\/pages"}],"about":[{"href":"https:\/\/legacyfxpro.com\/en\/wp-json\/wp\/v2\/types\/page"}],"author":[{"embeddable":true,"href":"https:\/\/legacyfxpro.com\/en\/wp-json\/wp\/v2\/users\/1"}],"replies":[{"embeddable":true,"href":"https:\/\/legacyfxpro.com\/en\/wp-json\/wp\/v2\/comments?post=50"}],"version-history":[{"count":0,"href":"https:\/\/legacyfxpro.com\/en\/wp-json\/wp\/v2\/pages\/50\/revisions"}],"wp:attachment":[{"href":"https:\/\/legacyfxpro.com\/en\/wp-json\/wp\/v2\/media?parent=50"}],"curies":[{"name":"wp","href":"https:\/\/api.w.org\/{rel}","templated":true}]}}